{"id":47952,"date":"2023-06-20T10:45:38","date_gmt":"2023-06-20T08:45:38","guid":{"rendered":"https:\/\/camping-4-etoiles-ardeche.com\/contact-acces-camping-joyeuse\/"},"modified":"2025-10-07T11:28:00","modified_gmt":"2025-10-07T09:28:00","slug":"contact-access-campsite-joyeuse","status":"publish","type":"page","link":"https:\/\/camping-4-etoiles-ardeche.com\/en\/contact-access-campsite-joyeuse\/","title":{"rendered":"Contact"},"content":{"rendered":"\n<div class=\"wp-block-group is-layout-constrained wp-container-core-group-is-layout-bbbb44a5 wp-block-group-is-layout-constrained\" style=\"padding-top:var(--wp--preset--spacing--60);padding-right:var(--wp--preset--spacing--60);padding-bottom:var(--wp--preset--spacing--60);padding-left:var(--wp--preset--spacing--60)\">\n<h1 class=\"wp-block-heading has-text-align-center has-link-color-color has-text-color\" style=\"margin-top:var(--wp--preset--spacing--60);margin-right:var(--wp--preset--spacing--60);margin-bottom:var(--wp--preset--spacing--60);margin-left:var(--wp--preset--spacing--60);padding-top:var(--wp--preset--spacing--60);padding-right:var(--wp--preset--spacing--60);padding-bottom:var(--wp--preset--spacing--60);padding-left:var(--wp--preset--spacing--60)\">Contact and access to the campsite<\/h1>\n\n\n\n<div class=\"wp-block-columns is-layout-flex wp-container-core-columns-is-layout-28f84493 wp-block-columns-is-layout-flex\">\n<div class=\"wp-block-column is-vertically-aligned-top is-layout-flow wp-block-column-is-layout-flow\">\n<h2 class=\"wp-block-heading\">Contact us <\/h2>\n\n\n\n<p class=\"has-extra-small-font-size\">For all inquiries, please <strong>contact the team by telephone<\/strong>, <strong>e-mail <\/strong>or by filling in the<strong> contact form<\/strong> opposite.<br\/>Our team will do its utmost to get back to you as soon as possible.<\/p>\n\n\n\n<ul class=\"wp-block-list\">\n<li class=\"has-extra-small-font-size\"><strong>Opening hours<\/strong>: Mon-Sun 09:00 &#8211; 21:00<\/li>\n\n\n\n<li class=\"has-extra-small-font-size\"><a href=\"tel:+33475395860\">+33 (0)4 75 39 58 60<\/a><\/li>\n\n\n\n<li class=\"has-extra-small-font-size\"><a href=\"mailto:contact@bois-simonet.com\">contact@bois-simonet.com<\/a><\/li>\n\n\n\n<li class=\"has-extra-small-font-size\">2771 Rte de Valgorge, 07260 Joyeuse<\/li>\n<\/ul>\n<\/div>\n\n\n\n<div class=\"wp-block-column is-layout-flow wp-block-column-is-layout-flow\">\n<div class=\"wp-block-contact-form-7-contact-form-selector formulaire-contact\">\n<div class=\"wpcf7 no-js\" id=\"wpcf7-f48095-o1\" lang=\"en-US\" dir=\"ltr\" data-wpcf7-id=\"48095\">\n<div class=\"screen-reader-response\"><p role=\"status\" aria-live=\"polite\" aria-atomic=\"true\"><\/p> <ul><\/ul><\/div>\n<form action=\"\/en\/wp-json\/wp\/v2\/pages\/47952#wpcf7-f48095-o1\" method=\"post\" class=\"wpcf7-form init\" id=\"formulaire-contact\" aria-label=\"Contact form\" novalidate=\"novalidate\" data-status=\"init\">\n<div style=\"display: none;\">\n<input type=\"hidden\" name=\"_wpcf7\" value=\"48095\" \/>\n<input type=\"hidden\" name=\"_wpcf7_version\" value=\"6.0.6\" \/>\n<input type=\"hidden\" name=\"_wpcf7_locale\" value=\"en_US\" \/>\n<input type=\"hidden\" name=\"_wpcf7_unit_tag\" value=\"wpcf7-f48095-o1\" \/>\n<input type=\"hidden\" name=\"_wpcf7_container_post\" value=\"0\" \/>\n<input type=\"hidden\" name=\"_wpcf7_posted_data_hash\" value=\"\" \/>\n<input type=\"hidden\" name=\"_wpcf7_recaptcha_response\" value=\"\" \/>\n<\/div>\n<p><label> Your name<br \/>\n<span class=\"wpcf7-form-control-wrap\" data-name=\"your-name\"><input size=\"40\" maxlength=\"400\" class=\"wpcf7-form-control wpcf7-text wpcf7-validates-as-required\" autocomplete=\"name\" aria-required=\"true\" aria-invalid=\"false\" value=\"\" type=\"text\" name=\"your-name\" \/><\/span> <\/label>\n<\/p>\n<p><label> Your e-mail<br \/>\n<span class=\"wpcf7-form-control-wrap\" data-name=\"your-email\"><input size=\"40\" maxlength=\"400\" class=\"wpcf7-form-control wpcf7-email wpcf7-validates-as-required wpcf7-text wpcf7-validates-as-email\" autocomplete=\"email\" aria-required=\"true\" aria-invalid=\"false\" value=\"\" type=\"email\" name=\"your-email\" \/><\/span> <\/label>\n<\/p>\n<p><label> Object<br \/>\n<span class=\"wpcf7-form-control-wrap\" data-name=\"your-subject\"><input size=\"40\" maxlength=\"400\" class=\"wpcf7-form-control wpcf7-text wpcf7-validates-as-required\" aria-required=\"true\" aria-invalid=\"false\" value=\"\" type=\"text\" name=\"your-subject\" \/><\/span> <\/label>\n<\/p>\n<p><label> Your message<br \/>\n<span class=\"wpcf7-form-control-wrap\" data-name=\"your-message\"><textarea cols=\"40\" rows=\"10\" maxlength=\"2000\" class=\"wpcf7-form-control wpcf7-textarea\" aria-invalid=\"false\" name=\"your-message\"><\/textarea><\/span> <\/label>\n<\/p>\n<p><span class=\"wpcf7-form-control-wrap\" data-name=\"acceptance-553\"><span class=\"wpcf7-form-control wpcf7-acceptance\"><span class=\"wpcf7-list-item\"><label><input type=\"checkbox\" name=\"acceptance-553\" value=\"1\" aria-invalid=\"false\" \/><span class=\"wpcf7-list-item-label\">By checking this box, I accept the <a href=\"\/en\/privacy-policy\/\" rel=\"nofollow\" target=\"_blank\">Privacy Policy<\/a> of this site.<\/span><\/label><\/span><\/span><\/span>\n<\/p>\n<p><input class=\"wpcf7-form-control wpcf7-submit has-spinner\" type=\"submit\" value=\"Send\" \/>\n<\/p><div class=\"wpcf7-response-output\" aria-hidden=\"true\"><\/div>\n<\/form>\n<\/div>\n<\/div>\n<\/div>\n<\/div>\n<\/div>\n\n<div class=\"wp-block-group is-layout-constrained wp-block-group-is-layout-constrained\">\n<h2 class=\"wp-block-heading has-text-align-center has-link-color-color has-text-color has-link-color wp-elements-33e44768b8c1f667bccbd6c2b10e7921\">Access to the campsite in Joyeuse<\/h2>\n\n\n\n<div class=\"wp-block-columns is-layout-flex wp-container-core-columns-is-layout-0adb00f3 wp-block-columns-is-layout-flex\" style=\"padding-top:var(--wp--preset--spacing--50)\">\n<div class=\"wp-block-column is-vertically-aligned-center is-layout-flow wp-block-column-is-layout-flow\">\n<iframe src=\"https:\/\/www.google.com\/maps\/embed?pb=!1m18!1m12!1m3!1d3617.745431617611!2d4.2187993961514!3d44.496607185236066!2m3!1f0!2f0!3f0!3m2!1i1024!2i768!4f13.1!3m3!1m2!1s0x12b4ef9181168499%3A0xebc9016e1b9b8866!2sCamping%20Paradis%20Bois%20Simonet!5e0!3m2!1sfr!2sfr!4v1749130950073!5m2!1sfr!2sfr\" width=\"100%\" height=\"800\" style=\"border:0;\" allowfullscreen=\"\" loading=\"lazy\" referrerpolicy=\"no-referrer-when-downgrade\"><\/iframe>\n<\/div>\n\n\n\n<div class=\"wp-block-column is-vertically-aligned-center is-layout-flow wp-block-column-is-layout-flow\">\n<p class=\"has-extra-small-font-size\">Located in the heart of the southern Ard\u00e8che, our <a href=\"https:\/\/camping-4-etoiles-ardeche.com\/en\/\">Joyeuse campsite<\/a> is easily accessible by car or public transport.<\/p>\n\n\n\n<h3 class=\"wp-block-heading\"><strong>By car<\/strong><\/h3>\n\n\n\n<p class=\"has-extra-small-font-size\">From Mont\u00e9limar: take the A7 towards Valence, then the N86 towards Aubenas. In Aubenas, follow the D104 towards Joyeuse. <\/p>\n\n\n\n<p class=\"has-extra-small-font-size\">From N\u00eemes: take the A9 towards Orange, then the N106 towards Al\u00e8s. In Al\u00e8s, follow the D901 towards Joyeuse. <\/p>\n\n\n\n<p class=\"has-extra-small-font-size\">The campsite is about 1.5 km from the center of Joyeuse, on the road to Valgorge.<\/p>\n\n\n\n<h3 class=\"wp-block-heading\"><strong>By public transport<\/strong><\/h3>\n\n\n\n<p class=\"has-extra-small-font-size\">The nearest train stations are Mont\u00e9limar (61 km), Valence (94 km) and Avignon (101 km). There are buses to the Aubenas bus station, and further buses to Joyeuse. From Joyeuse, the campsite is accessible by cab or car.  <\/p>\n\n\n\n<h3 class=\"wp-block-heading\"><strong>Geographical coordinates<\/strong><\/h3>\n\n\n\n<ul class=\"wp-block-list\">\n<li class=\"has-extra-small-font-size\">Latitude: 44.496166<\/li>\n\n\n\n<li class=\"has-extra-small-font-size\">Longitude: 4.221355<\/li>\n<\/ul>\n\n\n\n<p class=\"has-extra-small-font-size\">These details will guide you directly to the campsite entrance.<\/p>\n\n\n\n<p class=\"has-extra-small-font-size\">For further information or assistance, please do not hesitate to contact us on <a href=\"tel:+33475395860\">+33 (0)4 75 39 58 60<\/a> or by email at <a href=\"mailto:contact@bois-simonet.com\">contact@bois-simonet.com<\/a>.<\/p>\n<\/div>\n<\/div>\n<\/div>\n\n<div class=\"wp-block-group overflow-visible has-background is-layout-constrained wp-container-core-group-is-layout-612028c2 wp-block-group-is-layout-constrained\" style=\"border-top-color:var(--wp--preset--color--white);border-top-width:12rem;border-right-color:var(--wp--preset--color--white);border-bottom-color:var(--wp--preset--color--white);border-left-color:var(--wp--preset--color--white);background:linear-gradient(174deg,rgb(255,255,255) 29%,rgb(173,219,243) 29%);margin-top:0rem;margin-bottom:0;padding-top:var(--wp--preset--spacing--80);padding-bottom:8rem\">\n<p class=\"has-text-align-center z-index-3 position-relative m-n-t-20 animated fadeInUp has-color-1-color has-text-color has-link-color has-ursula-font-family has-large-font-size wp-elements-67912aaeebf8b552ac4cf179f8687d2d\" style=\"line-height:1\">Discover <\/p>\n\n\n\n<p class=\"has-text-align-center has-ursula-font-family has-medium-large-font-size\" style=\"line-height:1\">our aquatic area, entertainment and services:<\/p>\n\n\n\n<div class=\"wp-block-group is-content-justification-center is-layout-constrained wp-container-core-group-is-layout-1557714b wp-block-group-is-layout-constrained\">\n<hr class=\"wp-block-separator has-text-color has-link-color-color has-alpha-channel-opacity has-link-color-background-color has-background animated fadeInUp delay-200ms\"\/>\n<\/div>\n\n\n\r\n<div \r\n     \r\n    class=\"gt-maillage-block animated fadeInUp delay-100ms slow\" \r\n    style=\"border-top-left-radius:0px;border-top-right-radius:0px;border-bottom-left-radius:0px;border-bottom-right-radius:0px;border-style:none;border-width:0px;\"\r\n>\r\n\r\n    \r\n        \r\n        <article \r\n    class=\"gt-cta gt-cta--page\" \r\n    style=\"aspect-ratio:1\/1\"\r\n>\r\n    <a href=\"https:\/\/camping-4-etoiles-ardeche.com\/en\/campsite-heated-pools-joyeuse\/\" title=\"Aquatic area\" class=\"gt-cta__link\">\r\n        <div class=\"gt-cta__thumb\">\r\n                            <img alt=\"Camping Paradis a Archeche\" decoding=\"async\" width=\"2000\" height=\"1500\" src=\"https:\/\/camping-4-etoiles-ardeche.com\/wp-content\/uploads\/sites\/84\/2025\/06\/Camping-Paradis-a-Archeche.jpg\" class=\"attachment-full size-full not-transparent wp-post-image\" alt=\"\" srcset=\"https:\/\/camping-4-etoiles-ardeche.com\/wp-content\/uploads\/sites\/84\/2025\/06\/Camping-Paradis-a-Archeche.jpg 2000w, https:\/\/camping-4-etoiles-ardeche.com\/wp-content\/uploads\/sites\/84\/2025\/06\/Camping-Paradis-a-Archeche-300x225.jpg 300w, https:\/\/camping-4-etoiles-ardeche.com\/wp-content\/uploads\/sites\/84\/2025\/06\/Camping-Paradis-a-Archeche-1024x768.jpg 1024w, https:\/\/camping-4-etoiles-ardeche.com\/wp-content\/uploads\/sites\/84\/2025\/06\/Camping-Paradis-a-Archeche-768x576.jpg 768w, https:\/\/camping-4-etoiles-ardeche.com\/wp-content\/uploads\/sites\/84\/2025\/06\/Camping-Paradis-a-Archeche-1536x1152.jpg 1536w\" sizes=\"(max-width: 2000px) 100vw, 2000px\" data-has-transparency=\"false\" data-dominant-color=\"797458\" style=\"--dominant-color: #797458;\" \/>                    <\/div>\r\n        <div class=\"gt-cta__content\">\r\n            <div class=\"gt-cta__title\">\r\n                Aquatic area            <\/div>\r\n        <\/div>\r\n    <\/a>\r\n<\/article>\r\n    \r\n        <article \r\n    class=\"gt-cta gt-cta--page\" \r\n    style=\"aspect-ratio:1\/1\"\r\n>\r\n    <a href=\"https:\/\/camping-4-etoiles-ardeche.com\/en\/activities-campsite-joyeuse\/\" title=\"Activities and entertainment\" class=\"gt-cta__link\">\r\n        <div class=\"gt-cta__thumb\">\r\n                            <img alt=\"animations activites_1\" decoding=\"async\" width=\"2000\" height=\"1125\" src=\"https:\/\/camping-4-etoiles-ardeche.com\/wp-content\/uploads\/sites\/84\/2025\/06\/animations-activites_1.jpg\" class=\"attachment-full size-full not-transparent wp-post-image\" alt=\"\" srcset=\"https:\/\/camping-4-etoiles-ardeche.com\/wp-content\/uploads\/sites\/84\/2025\/06\/animations-activites_1.jpg 2000w, https:\/\/camping-4-etoiles-ardeche.com\/wp-content\/uploads\/sites\/84\/2025\/06\/animations-activites_1-300x169.jpg 300w, https:\/\/camping-4-etoiles-ardeche.com\/wp-content\/uploads\/sites\/84\/2025\/06\/animations-activites_1-1024x576.jpg 1024w, https:\/\/camping-4-etoiles-ardeche.com\/wp-content\/uploads\/sites\/84\/2025\/06\/animations-activites_1-768x432.jpg 768w, https:\/\/camping-4-etoiles-ardeche.com\/wp-content\/uploads\/sites\/84\/2025\/06\/animations-activites_1-1536x864.jpg 1536w\" sizes=\"(max-width: 2000px) 100vw, 2000px\" data-has-transparency=\"false\" data-dominant-color=\"8a7c6b\" style=\"--dominant-color: #8a7c6b;\" \/>                    <\/div>\r\n        <div class=\"gt-cta__content\">\r\n            <div class=\"gt-cta__title\">\r\n                Activities and entertainment            <\/div>\r\n        <\/div>\r\n    <\/a>\r\n<\/article>\r\n    \r\n        <article \r\n    class=\"gt-cta gt-cta--page\" \r\n    style=\"aspect-ratio:1\/1\"\r\n>\r\n    <a href=\"https:\/\/camping-4-etoiles-ardeche.com\/en\/family-campsite-joyeuse\/\" title=\"Equipment and services\" class=\"gt-cta__link\">\r\n        <div class=\"gt-cta__thumb\">\r\n                            <img alt=\"Camping Paradis Bois Simonet Sud Ardeche\" decoding=\"async\" width=\"2000\" height=\"1500\" src=\"https:\/\/camping-4-etoiles-ardeche.com\/wp-content\/uploads\/sites\/84\/2025\/06\/Camping-Paradis-Bois-Simonet-Sud-Ardeche.jpg\" class=\"attachment-full size-full not-transparent wp-post-image\" alt=\"\" srcset=\"https:\/\/camping-4-etoiles-ardeche.com\/wp-content\/uploads\/sites\/84\/2025\/06\/Camping-Paradis-Bois-Simonet-Sud-Ardeche.jpg 2000w, https:\/\/camping-4-etoiles-ardeche.com\/wp-content\/uploads\/sites\/84\/2025\/06\/Camping-Paradis-Bois-Simonet-Sud-Ardeche-300x225.jpg 300w, https:\/\/camping-4-etoiles-ardeche.com\/wp-content\/uploads\/sites\/84\/2025\/06\/Camping-Paradis-Bois-Simonet-Sud-Ardeche-1024x768.jpg 1024w, https:\/\/camping-4-etoiles-ardeche.com\/wp-content\/uploads\/sites\/84\/2025\/06\/Camping-Paradis-Bois-Simonet-Sud-Ardeche-768x576.jpg 768w, https:\/\/camping-4-etoiles-ardeche.com\/wp-content\/uploads\/sites\/84\/2025\/06\/Camping-Paradis-Bois-Simonet-Sud-Ardeche-1536x1152.jpg 1536w\" sizes=\"(max-width: 2000px) 100vw, 2000px\" data-has-transparency=\"false\" data-dominant-color=\"635e3b\" style=\"--dominant-color: #635e3b;\" \/>                    <\/div>\r\n        <div class=\"gt-cta__content\">\r\n            <div class=\"gt-cta__title\">\r\n                Equipment and services            <\/div>\r\n        <\/div>\r\n    <\/a>\r\n<\/article>\r\n            \r\n<\/div><\/div>\n","protected":false},"excerpt":{"rendered":"<p>Contact and access to the campsite Contact us For all inquiries, please contact the team by telephone, e-mail or by filling in the contact form opposite.Our team will do its utmost to get back to you as soon as possible. Access to the campsite in Joyeuse Located in the heart of the southern Ard\u00e8che, our [&hellip;]<\/p>\n","protected":false},"author":1,"featured_media":47822,"parent":0,"menu_order":0,"comment_status":"closed","ping_status":"closed","template":"","meta":{"_acf_changed":false,"footnotes":""},"class_list":["post-47952","page","type-page","status-publish","has-post-thumbnail","hentry"],"acf":[],"yoast_head":"<!-- This site is optimized with the Yoast SEO plugin v24.8.1 - https:\/\/yoast.com\/wordpress\/plugins\/seo\/ -->\n<title>Contact the campsite in Joyeuse | coming to the campsite in Joyeuse<\/title>\n<meta name=\"description\" content=\"Contact our Joyeuse campsite to plan your stay. Telephone number, e-mail address, form and practical information for accessing the campsite.\" \/>\n<meta name=\"robots\" content=\"index, follow, max-snippet:-1, max-image-preview:large, max-video-preview:-1\" \/>\n<link rel=\"canonical\" href=\"https:\/\/camping-4-etoiles-ardeche.com\/en\/contact-access-campsite-joyeuse\/\" \/>\n<meta property=\"og:locale\" content=\"en_US\" \/>\n<meta property=\"og:type\" content=\"article\" \/>\n<meta property=\"og:title\" content=\"Contact the campsite in Joyeuse | coming to the campsite in Joyeuse\" \/>\n<meta property=\"og:description\" content=\"Contact our Joyeuse campsite to plan your stay. Telephone number, e-mail address, form and practical information for accessing the campsite.\" \/>\n<meta property=\"og:url\" content=\"https:\/\/camping-4-etoiles-ardeche.com\/en\/contact-access-campsite-joyeuse\/\" \/>\n<meta property=\"og:site_name\" content=\"Camping Paradis Bois Simonet\" \/>\n<meta property=\"article:publisher\" content=\"https:\/\/www.facebook.com\/campingboissimonet\" \/>\n<meta property=\"article:modified_time\" content=\"2025-10-07T09:28:00+00:00\" \/>\n<meta property=\"og:image\" content=\"https:\/\/camping-4-etoiles-ardeche.com\/wp-content\/uploads\/sites\/84\/2025\/06\/Camping-Paradis-Bois-Simonet-Sud-Ardeche.jpg\" \/>\n\t<meta property=\"og:image:width\" content=\"2000\" \/>\n\t<meta property=\"og:image:height\" content=\"1500\" \/>\n\t<meta property=\"og:image:type\" content=\"image\/jpeg\" \/>\n<meta name=\"twitter:card\" content=\"summary_large_image\" \/>\n<meta name=\"twitter:label1\" content=\"Est. reading time\" \/>\n\t<meta name=\"twitter:data1\" content=\"1 minute\" \/>\n<script type=\"application\/ld+json\" class=\"yoast-schema-graph\">{\"@context\":\"https:\/\/schema.org\",\"@graph\":[{\"@type\":\"WebPage\",\"@id\":\"https:\/\/camping-4-etoiles-ardeche.com\/en\/contact-access-campsite-joyeuse\/\",\"url\":\"https:\/\/camping-4-etoiles-ardeche.com\/en\/contact-access-campsite-joyeuse\/\",\"name\":\"Contact the campsite in Joyeuse | coming to the campsite in Joyeuse\",\"isPartOf\":{\"@id\":\"https:\/\/camping-4-etoiles-ardeche.com\/en\/#website\"},\"primaryImageOfPage\":{\"@id\":\"https:\/\/camping-4-etoiles-ardeche.com\/en\/contact-access-campsite-joyeuse\/#primaryimage\"},\"image\":{\"@id\":\"https:\/\/camping-4-etoiles-ardeche.com\/en\/contact-access-campsite-joyeuse\/#primaryimage\"},\"thumbnailUrl\":\"https:\/\/camping-4-etoiles-ardeche.com\/wp-content\/uploads\/sites\/84\/2025\/06\/Camping-Paradis-Bois-Simonet-Sud-Ardeche.jpg\",\"datePublished\":\"2023-06-20T08:45:38+00:00\",\"dateModified\":\"2025-10-07T09:28:00+00:00\",\"description\":\"Contact our Joyeuse campsite to plan your stay. Telephone number, e-mail address, form and practical information for accessing the campsite.\",\"breadcrumb\":{\"@id\":\"https:\/\/camping-4-etoiles-ardeche.com\/en\/contact-access-campsite-joyeuse\/#breadcrumb\"},\"inLanguage\":\"en-US\",\"potentialAction\":[{\"@type\":\"ReadAction\",\"target\":[\"https:\/\/camping-4-etoiles-ardeche.com\/en\/contact-access-campsite-joyeuse\/\"]}]},{\"@type\":\"ImageObject\",\"inLanguage\":\"en-US\",\"@id\":\"https:\/\/camping-4-etoiles-ardeche.com\/en\/contact-access-campsite-joyeuse\/#primaryimage\",\"url\":\"https:\/\/camping-4-etoiles-ardeche.com\/wp-content\/uploads\/sites\/84\/2025\/06\/Camping-Paradis-Bois-Simonet-Sud-Ardeche.jpg\",\"contentUrl\":\"https:\/\/camping-4-etoiles-ardeche.com\/wp-content\/uploads\/sites\/84\/2025\/06\/Camping-Paradis-Bois-Simonet-Sud-Ardeche.jpg\",\"width\":2000,\"height\":1500,\"caption\":\"default\"},{\"@type\":\"BreadcrumbList\",\"@id\":\"https:\/\/camping-4-etoiles-ardeche.com\/en\/contact-access-campsite-joyeuse\/#breadcrumb\",\"itemListElement\":[{\"@type\":\"ListItem\",\"position\":1,\"name\":\"South Ard\u00e8che Camping\",\"item\":\"https:\/\/camping-4-etoiles-ardeche.com\/en\/\"},{\"@type\":\"ListItem\",\"position\":2,\"name\":\"Contacting and coming to the campsite in Joyeuse\"}]},{\"@type\":\"WebSite\",\"@id\":\"https:\/\/camping-4-etoiles-ardeche.com\/en\/#website\",\"url\":\"https:\/\/camping-4-etoiles-ardeche.com\/en\/\",\"name\":\"Camping Paradis Bois Simonet\",\"description\":\"\",\"publisher\":{\"@id\":\"https:\/\/camping-4-etoiles-ardeche.com\/en\/#organization\"},\"potentialAction\":[{\"@type\":\"SearchAction\",\"target\":{\"@type\":\"EntryPoint\",\"urlTemplate\":\"https:\/\/camping-4-etoiles-ardeche.com\/en\/?s={search_term_string}\"},\"query-input\":{\"@type\":\"PropertyValueSpecification\",\"valueRequired\":true,\"valueName\":\"search_term_string\"}}],\"inLanguage\":\"en-US\"},{\"@type\":\"Organization\",\"@id\":\"https:\/\/camping-4-etoiles-ardeche.com\/en\/#organization\",\"name\":\"Camping Paradis Bois Simonet\",\"url\":\"https:\/\/camping-4-etoiles-ardeche.com\/en\/\",\"logo\":{\"@type\":\"ImageObject\",\"inLanguage\":\"en-US\",\"@id\":\"https:\/\/camping-4-etoiles-ardeche.com\/en\/#\/schema\/logo\/image\/\",\"url\":\"https:\/\/camping-4-etoiles-ardeche.com\/wp-content\/uploads\/sites\/84\/2023\/05\/LOGO-CP-Bois-Simonet-transpa.png\",\"contentUrl\":\"https:\/\/camping-4-etoiles-ardeche.com\/wp-content\/uploads\/sites\/84\/2023\/05\/LOGO-CP-Bois-Simonet-transpa.png\",\"width\":800,\"height\":500,\"caption\":\"Camping Paradis Bois Simonet\"},\"image\":{\"@id\":\"https:\/\/camping-4-etoiles-ardeche.com\/en\/#\/schema\/logo\/image\/\"},\"sameAs\":[\"https:\/\/www.facebook.com\/campingboissimonet\",\"https:\/\/www.instagram.com\/boissimonet\/\"]}]}<\/script>\n<!-- \/ Yoast SEO plugin. -->","yoast_head_json":{"title":"Contact the campsite in Joyeuse | coming to the campsite in Joyeuse","description":"Contact our Joyeuse campsite to plan your stay. Telephone number, e-mail address, form and practical information for accessing the campsite.","robots":{"index":"index","follow":"follow","max-snippet":"max-snippet:-1","max-image-preview":"max-image-preview:large","max-video-preview":"max-video-preview:-1"},"canonical":"https:\/\/camping-4-etoiles-ardeche.com\/en\/contact-access-campsite-joyeuse\/","og_locale":"en_US","og_type":"article","og_title":"Contact the campsite in Joyeuse | coming to the campsite in Joyeuse","og_description":"Contact our Joyeuse campsite to plan your stay. Telephone number, e-mail address, form and practical information for accessing the campsite.","og_url":"https:\/\/camping-4-etoiles-ardeche.com\/en\/contact-access-campsite-joyeuse\/","og_site_name":"Camping Paradis Bois Simonet","article_publisher":"https:\/\/www.facebook.com\/campingboissimonet","article_modified_time":"2025-10-07T09:28:00+00:00","og_image":[{"width":2000,"height":1500,"url":"https:\/\/camping-4-etoiles-ardeche.com\/wp-content\/uploads\/sites\/84\/2025\/06\/Camping-Paradis-Bois-Simonet-Sud-Ardeche.jpg","type":"image\/jpeg"}],"twitter_card":"summary_large_image","twitter_misc":{"Est. reading time":"1 minute"},"schema":{"@context":"https:\/\/schema.org","@graph":[{"@type":"WebPage","@id":"https:\/\/camping-4-etoiles-ardeche.com\/en\/contact-access-campsite-joyeuse\/","url":"https:\/\/camping-4-etoiles-ardeche.com\/en\/contact-access-campsite-joyeuse\/","name":"Contact the campsite in Joyeuse | coming to the campsite in Joyeuse","isPartOf":{"@id":"https:\/\/camping-4-etoiles-ardeche.com\/en\/#website"},"primaryImageOfPage":{"@id":"https:\/\/camping-4-etoiles-ardeche.com\/en\/contact-access-campsite-joyeuse\/#primaryimage"},"image":{"@id":"https:\/\/camping-4-etoiles-ardeche.com\/en\/contact-access-campsite-joyeuse\/#primaryimage"},"thumbnailUrl":"https:\/\/camping-4-etoiles-ardeche.com\/wp-content\/uploads\/sites\/84\/2025\/06\/Camping-Paradis-Bois-Simonet-Sud-Ardeche.jpg","datePublished":"2023-06-20T08:45:38+00:00","dateModified":"2025-10-07T09:28:00+00:00","description":"Contact our Joyeuse campsite to plan your stay. Telephone number, e-mail address, form and practical information for accessing the campsite.","breadcrumb":{"@id":"https:\/\/camping-4-etoiles-ardeche.com\/en\/contact-access-campsite-joyeuse\/#breadcrumb"},"inLanguage":"en-US","potentialAction":[{"@type":"ReadAction","target":["https:\/\/camping-4-etoiles-ardeche.com\/en\/contact-access-campsite-joyeuse\/"]}]},{"@type":"ImageObject","inLanguage":"en-US","@id":"https:\/\/camping-4-etoiles-ardeche.com\/en\/contact-access-campsite-joyeuse\/#primaryimage","url":"https:\/\/camping-4-etoiles-ardeche.com\/wp-content\/uploads\/sites\/84\/2025\/06\/Camping-Paradis-Bois-Simonet-Sud-Ardeche.jpg","contentUrl":"https:\/\/camping-4-etoiles-ardeche.com\/wp-content\/uploads\/sites\/84\/2025\/06\/Camping-Paradis-Bois-Simonet-Sud-Ardeche.jpg","width":2000,"height":1500,"caption":"default"},{"@type":"BreadcrumbList","@id":"https:\/\/camping-4-etoiles-ardeche.com\/en\/contact-access-campsite-joyeuse\/#breadcrumb","itemListElement":[{"@type":"ListItem","position":1,"name":"South Ard\u00e8che Camping","item":"https:\/\/camping-4-etoiles-ardeche.com\/en\/"},{"@type":"ListItem","position":2,"name":"Contacting and coming to the campsite in Joyeuse"}]},{"@type":"WebSite","@id":"https:\/\/camping-4-etoiles-ardeche.com\/en\/#website","url":"https:\/\/camping-4-etoiles-ardeche.com\/en\/","name":"Camping Paradis Bois Simonet","description":"","publisher":{"@id":"https:\/\/camping-4-etoiles-ardeche.com\/en\/#organization"},"potentialAction":[{"@type":"SearchAction","target":{"@type":"EntryPoint","urlTemplate":"https:\/\/camping-4-etoiles-ardeche.com\/en\/?s={search_term_string}"},"query-input":{"@type":"PropertyValueSpecification","valueRequired":true,"valueName":"search_term_string"}}],"inLanguage":"en-US"},{"@type":"Organization","@id":"https:\/\/camping-4-etoiles-ardeche.com\/en\/#organization","name":"Camping Paradis Bois Simonet","url":"https:\/\/camping-4-etoiles-ardeche.com\/en\/","logo":{"@type":"ImageObject","inLanguage":"en-US","@id":"https:\/\/camping-4-etoiles-ardeche.com\/en\/#\/schema\/logo\/image\/","url":"https:\/\/camping-4-etoiles-ardeche.com\/wp-content\/uploads\/sites\/84\/2023\/05\/LOGO-CP-Bois-Simonet-transpa.png","contentUrl":"https:\/\/camping-4-etoiles-ardeche.com\/wp-content\/uploads\/sites\/84\/2023\/05\/LOGO-CP-Bois-Simonet-transpa.png","width":800,"height":500,"caption":"Camping Paradis Bois Simonet"},"image":{"@id":"https:\/\/camping-4-etoiles-ardeche.com\/en\/#\/schema\/logo\/image\/"},"sameAs":["https:\/\/www.facebook.com\/campingboissimonet","https:\/\/www.instagram.com\/boissimonet\/"]}]}},"_links":{"self":[{"href":"https:\/\/camping-4-etoiles-ardeche.com\/en\/wp-json\/wp\/v2\/pages\/47952","targetHints":{"allow":["GET"]}}],"collection":[{"href":"https:\/\/camping-4-etoiles-ardeche.com\/en\/wp-json\/wp\/v2\/pages"}],"about":[{"href":"https:\/\/camping-4-etoiles-ardeche.com\/en\/wp-json\/wp\/v2\/types\/page"}],"author":[{"embeddable":true,"href":"https:\/\/camping-4-etoiles-ardeche.com\/en\/wp-json\/wp\/v2\/users\/1"}],"replies":[{"embeddable":true,"href":"https:\/\/camping-4-etoiles-ardeche.com\/en\/wp-json\/wp\/v2\/comments?post=47952"}],"version-history":[{"count":1,"href":"https:\/\/camping-4-etoiles-ardeche.com\/en\/wp-json\/wp\/v2\/pages\/47952\/revisions"}],"predecessor-version":[{"id":47983,"href":"https:\/\/camping-4-etoiles-ardeche.com\/en\/wp-json\/wp\/v2\/pages\/47952\/revisions\/47983"}],"wp:featuredmedia":[{"embeddable":true,"href":"https:\/\/camping-4-etoiles-ardeche.com\/en\/wp-json\/wp\/v2\/media\/47822"}],"wp:attachment":[{"href":"https:\/\/camping-4-etoiles-ardeche.com\/en\/wp-json\/wp\/v2\/media?parent=47952"}],"curies":[{"name":"wp","href":"https:\/\/api.w.org\/{rel}","templated":true}]}}